{"id":191,"date":"2018-12-10T17:56:20","date_gmt":"2018-12-10T16:56:20","guid":{"rendered":"https:\/\/www.le-capri.fr\/?page_id=191"},"modified":"2023-08-04T20:58:35","modified_gmt":"2023-08-04T18:58:35","slug":"mentions-legales","status":"publish","type":"page","link":"https:\/\/www.le-capri.fr\/?page_id=191","title":{"rendered":"Mentions l\u00e9gales"},"content":{"rendered":"\t\t<div data-elementor-type=\"wp-post\" data-elementor-id=\"191\" class=\"elementor elementor-191\" data-elementor-post-type=\"page\">\n\t\t\t\t\t\t<section class=\"elementor-section elementor-top-section elementor-element elementor-element-7ef3138 elementor-section-boxed elementor-section-height-default elementor-section-height-default\" data-id=\"7ef3138\" data-element_type=\"section\" data-e-type=\"section\">\n\t\t\t\t\t\t<div class=\"elementor-container elementor-column-gap-default\">\n\t\t\t\t\t<div class=\"elementor-column elementor-col-100 elementor-top-column elementor-element elementor-element-db578f4\" data-id=\"db578f4\" data-element_type=\"column\" data-e-type=\"column\">\n\t\t\t<div class=\"elementor-widget-wrap elementor-element-populated\">\n\t\t\t\t\t\t<div class=\"elementor-element elementor-element-c91d1db elementor-widget elementor-widget-text-editor\" data-id=\"c91d1db\" data-element_type=\"widget\" data-e-type=\"widget\" data-widget_type=\"text-editor.default\">\n\t\t\t\t<div class=\"elementor-widget-container\">\n\t\t\t\t\t\t\t\t\t<p><strong><em>INFORMATIONS L\u00c9GALES DU SITE LE CAPRI<\/em><\/strong><\/p>\n<p><\/p>\n<ol>\n<li><strong>Dispositions juridictionnelles<\/strong><\/li>\n<\/ol>\n<p>Le site le capri et son contenu sont r\u00e9gis par le Droit Fran\u00e7ais, et tout litige \u00e9ventuel s\u2019y rapportant sera soumis \u00e0 la comp\u00e9tence des tribunaux fran\u00e7ais.<\/p>\n<ol start=\"2\">\n<li><strong>Edition, publication<\/strong><\/li>\n<\/ol>\n<p>Editeur du site :<br>Web made in breizh \u2013 12 ter rue Ch\u00e2teaubriand \u2013 35300 FOUG\u00c8RES<br>T\u00e9l. : 09 82 31 34 54<br>SARL au capital de 3 000 \u20ac<br>SIRET 79093675100037&nbsp;\u2013 TVA : FR48790936751<\/p>\n<p>Directeur de publication :<br>Alfio Cirella<\/p>\n<p>Localisation du Datacenter<br>OVH&nbsp; (Roubaix \u2013 France)<\/p>\n<ol start=\"3\">\n<li><strong>Propri\u00e9t\u00e9 intellectuelle<\/strong><\/li>\n<\/ol>\n<p>Ce site appartient et est exploit\u00e9 par le capri. Son contenu (pages, textes, graphiques,\u2026) est prot\u00e9g\u00e9 par les lois en vigueur sur la propri\u00e9t\u00e9 intellectuelle et font l\u2019objet d\u2019une autorisation d\u2019utilisation.<\/p>\n<p>Tous les droits concernant les contenus de ce site sont r\u00e9serv\u00e9s. Aucun \u00e9l\u00e9ment composant ce site ne peut \u00eatre copi\u00e9, reproduit, modifi\u00e9, d\u00e9natur\u00e9, transmis, de fa\u00e7on partielle ou int\u00e9grale, sans l\u2019autorisation \u00e9crite et pr\u00e9alable du capri.<\/p>\n<p>La copie \u00e0 usage priv\u00e9 sur ordinateur personnel est autoris\u00e9e pour usage personnel et non commercial.<\/p>\n<ol start=\"4\">\n<li><strong>Informations nominatives<\/strong><\/li>\n<\/ol>\n<p>Les donn\u00e9es personnelles que vous nous communiquerez sur ce site ne seront pas transmises \u00e0 des tiers. Elles ne seront utilis\u00e9es que dans le but de vous servir ou vous r\u00e9pondre le plus efficacement possible.<\/p>\n<p>En application de la Loi n\u00b0 78-17 du 6 janvier 1978 relative \u00e0 l\u2019Informatique, aux Fichiers et aux Libert\u00e9s, vous disposez des droits d\u2019opposition (art. 26 de la loi), d\u2019acc\u00e8s (art.34 \u00e0 38 de la loi) et de rectification (art. 36 de la loi) des donn\u00e9es vous concernant. Ainsi, vous pouvez exiger que soient rectifi\u00e9es, compl\u00e9t\u00e9es, mises \u00e0 jour ou effac\u00e9es les informations vous concernant qui sont inexactes, incompl\u00e8tes, \u00e9quivoques, p\u00e9rim\u00e9es ou dont la collecte ou l\u2019utilisation, la communication ou la conservation est interdite.<\/p>\n<p>Pour exercer votre droit d\u2019acc\u00e8s, de modification, de rectification et de suppression des donn\u00e9es personnelles qui vous concernent, vous pouvez en faire la demande par voie postale :<\/p>\n<p><a href=\"https:\/\/www.web-made-in-breizh.fr\/\/\">Web made in breizh<\/a>&nbsp;\u2013 12 Ter rue Ch\u00e2teaubriand &nbsp;\u2013 35300 FOUG\u00c8RES<\/p>\n<ol start=\"5\">\n<li><strong>Limitations de responsabilit\u00e9<\/strong><\/li>\n<\/ol>\n<p>Nous nous effor\u00e7ons au mieux de nos possibilit\u00e9s de garantir l\u2019exactitude et la mise \u00e0 jour des informations diffus\u00e9es sur notre site. Nous nous r\u00e9servons le droit de corriger \u00e0 tout moment et sans pr\u00e9avis son contenu. N\u00e9anmoins nous ne pouvons garantir l\u2019exhaustivit\u00e9 ou l\u2019enti\u00e8re exactitude des informations mises \u00e0 la disposition sur le site.<\/p>\n<p>En cons\u00e9quence, nous d\u00e9clinons toute responsabilit\u00e9 pour toute impr\u00e9cision, inexactitude ou omission portant sur des informations disponibles sur le site.<\/p>\n<ol start=\"6\">\n<li><strong>Disponibilit\u00e9<\/strong><\/li>\n<\/ol>\n<p>Le fonctionnement du site peut \u00eatre affect\u00e9 par des \u00e9v\u00e9nements que nous ne contr\u00f4lons pas, tels que par exemple, des pannes r\u00e9seau ou de transmission entre votre poste informatique, le r\u00e9seau internet, votre fournisseur d\u2019acc\u00e8s, notre h\u00e9bergeur.<\/p>\n<p>Nous, nos fournisseurs de services ou h\u00e9bergeur, nous r\u00e9servons \u00e9galement le droit, \u00e0 tout moment, d\u2019interrompre temporairement, tout ou partie du site pour effectuer des op\u00e9rations de maintenance, des am\u00e9liorations ou des modifications sur le site ou le serveur qui l\u2019h\u00e9berge sans \u00eatre tenus pour responsables de ces suspensions ou interruptions.<\/p>\n<ol start=\"7\">\n<li><strong>Cr\u00e9dits<\/strong><\/li>\n<\/ol>\n<p>Cr\u00e9ation graphique, cr\u00e9ation web, d\u00e9veloppement, images :<\/p>\n<p><a href=\"https:\/\/www.web-made-in-breizh.fr\/\/\" target=\"_blank\" style=\"font-family: var( --e-global-typography-text-font-family ), Sans-serif; font-weight: var( --e-global-typography-text-font-weight ); background-color: rgb(255, 255, 255);\">Web&nbsp;made in breizh<\/a>&nbsp;\u2013 12 ter rue Ch\u00e2teaubriand \u2013 35300 FOUG\u00c8RES<\/p>\n<ol start=\"8\">\n<li><strong>Cookies<\/strong><\/li>\n<\/ol>\n<p>Le site www.le-capri.fr utilise l\u2019outil Google Analytics afin d\u2019obtenir des \u00e9l\u00e9ments statistiques sur la fr\u00e9quentation de ses visiteurs.<\/p>\n<p>Reportez-vous \u00e0 la politique de protection des donn\u00e9es de Google pour plus d\u2019information sur la gestion des Cookies de Google Analytics :&nbsp;<a href=\"https:\/\/support.google.com\/analytics\/answer\/6004245?hl=fr\" target=\"_blank\" rel=\"noopener\">https:\/\/support.google.com\/analytics\/answer\/6004245?hl=fr<\/a><\/p>\n<p>L\u2019utilisation du site www.le-capri.fr vaut acceptation des cookies.<\/p>\n<p><strong>Politique de confidentialit\u00e9<\/strong><\/p>\n<p>Les informations recueillies sur ce \u00ab&nbsp;<strong>formulaire\/site<\/strong>&nbsp;\u00bb sont enregistr\u00e9es dans un fichier informatis\u00e9&nbsp;pour&nbsp;<strong>la gestion de la relation client, la r\u00e9alisation de nos prestations, l\u2019information de nos prospects et de nos clients<\/strong><\/p>\n<p>Elles sont conserv\u00e9es pendant&nbsp;<strong>5 ans<\/strong> et sont uniquement destin\u00e9es \u00e0 l\u2019\u00e9quipe du capri. <strong><em>Nous ne transmettons ces informations \u00e0 aucun tiers (partenaires commerciaux, etc)<\/em><\/strong>.<\/p>\n<p>Conform\u00e9ment \u00e0 la&nbsp;loi \u00ab&nbsp;<a href=\"https:\/\/www.cnil.fr\/fr\/loi-78-17-du-6-janvier-1978-modifiee\" target=\"_blank\" rel=\"noopener\">informatique et libert\u00e9s<\/a>&nbsp;\u00bb, vous pouvez exercer votre droit d\u2019acc\u00e8s aux donn\u00e9es vous concernant et les faire rectifier en nous nous contactant.<\/p>\t\t\t\t\t\t\t\t<\/div>\n\t\t\t\t<\/div>\n\t\t\t\t\t<\/div>\n\t\t<\/div>\n\t\t\t\t\t<\/div>\n\t\t<\/section>\n\t\t\t\t<\/div>\n\t\t","protected":false},"excerpt":{"rendered":"<p>INFORMATIONS L\u00c9GALES DU SITE LE CAPRI Dispositions juridictionnelles Le site le capri et son contenu sont r\u00e9gis par le Droit Fran\u00e7ais, et tout litige \u00e9ventuel s\u2019y rapportant sera soumis \u00e0 la comp\u00e9tence des tribunaux fran\u00e7ais. Edition, publication Editeur du site :Web made in breizh \u2013 12 ter rue Ch\u00e2teaubriand \u2013 35300 FOUG\u00c8REST\u00e9l. : 09 82 [&hellip;]\n","protected":false},"author":2,"featured_media":0,"parent":0,"menu_order":0,"comment_status":"closed","ping_status":"closed","template":"","meta":{"footnotes":""},"class_list":["post-191","page","type-page","status-publish","hentry"],"yoast_head":"<!-- This site is optimized with the Yoast SEO plugin v27.5 - https:\/\/yoast.com\/product\/yoast-seo-wordpress\/ -->\n<title>Mentions l\u00e9gales - Le capri<\/title>\n<meta name=\"robots\" content=\"index, follow, max-snippet:-1, max-image-preview:large, max-video-preview:-1\" \/>\n<link rel=\"canonical\" href=\"https:\/\/www.le-capri.fr\/?page_id=191\" \/>\n<meta property=\"og:locale\" content=\"fr_FR\" \/>\n<meta property=\"og:type\" content=\"article\" \/>\n<meta property=\"og:title\" content=\"Mentions l\u00e9gales - Le capri\" \/>\n<meta property=\"og:description\" content=\"INFORMATIONS L\u00c9GALES DU SITE LE CAPRI Dispositions juridictionnelles Le site le capri et son contenu sont r\u00e9gis par le Droit Fran\u00e7ais, et tout litige \u00e9ventuel s\u2019y rapportant sera soumis \u00e0 la comp\u00e9tence des tribunaux fran\u00e7ais. Edition, publication Editeur du site :Web made in breizh \u2013 12 ter rue Ch\u00e2teaubriand \u2013 35300 FOUG\u00c8REST\u00e9l. : 09 82 [&hellip;]\" \/>\n<meta property=\"og:url\" content=\"https:\/\/www.le-capri.fr\/?page_id=191\" \/>\n<meta property=\"og:site_name\" content=\"Le capri\" \/>\n<meta property=\"article:modified_time\" content=\"2023-08-04T18:58:35+00:00\" \/>\n<meta name=\"twitter:card\" content=\"summary_large_image\" \/>\n<meta name=\"twitter:label1\" content=\"Dur\u00e9e de lecture estim\u00e9e\" \/>\n\t<meta name=\"twitter:data1\" content=\"4 minutes\" \/>\n<script type=\"application\/ld+json\" class=\"yoast-schema-graph\">{\"@context\":\"https:\\\/\\\/schema.org\",\"@graph\":[{\"@type\":\"WebPage\",\"@id\":\"https:\\\/\\\/www.le-capri.fr\\\/?page_id=191\",\"url\":\"https:\\\/\\\/www.le-capri.fr\\\/?page_id=191\",\"name\":\"Mentions l\u00e9gales - Le capri\",\"isPartOf\":{\"@id\":\"https:\\\/\\\/www.le-capri.fr\\\/#website\"},\"datePublished\":\"2018-12-10T16:56:20+00:00\",\"dateModified\":\"2023-08-04T18:58:35+00:00\",\"breadcrumb\":{\"@id\":\"https:\\\/\\\/www.le-capri.fr\\\/?page_id=191#breadcrumb\"},\"inLanguage\":\"fr-FR\",\"potentialAction\":[{\"@type\":\"ReadAction\",\"target\":[\"https:\\\/\\\/www.le-capri.fr\\\/?page_id=191\"]}]},{\"@type\":\"BreadcrumbList\",\"@id\":\"https:\\\/\\\/www.le-capri.fr\\\/?page_id=191#breadcrumb\",\"itemListElement\":[{\"@type\":\"ListItem\",\"position\":1,\"name\":\"Accueil\",\"item\":\"https:\\\/\\\/www.le-capri.fr\\\/\"},{\"@type\":\"ListItem\",\"position\":2,\"name\":\"Mentions l\u00e9gales\"}]},{\"@type\":\"WebSite\",\"@id\":\"https:\\\/\\\/www.le-capri.fr\\\/#website\",\"url\":\"https:\\\/\\\/www.le-capri.fr\\\/\",\"name\":\"Le capri\",\"description\":\"Restaurant pizzeria \u00e0 Foug\u00e8res\",\"potentialAction\":[{\"@type\":\"SearchAction\",\"target\":{\"@type\":\"EntryPoint\",\"urlTemplate\":\"https:\\\/\\\/www.le-capri.fr\\\/?s={search_term_string}\"},\"query-input\":{\"@type\":\"PropertyValueSpecification\",\"valueRequired\":true,\"valueName\":\"search_term_string\"}}],\"inLanguage\":\"fr-FR\"}]}<\/script>\n<!-- \/ Yoast SEO plugin. -->","yoast_head_json":{"title":"Mentions l\u00e9gales - Le capri","robots":{"index":"index","follow":"follow","max-snippet":"max-snippet:-1","max-image-preview":"max-image-preview:large","max-video-preview":"max-video-preview:-1"},"canonical":"https:\/\/www.le-capri.fr\/?page_id=191","og_locale":"fr_FR","og_type":"article","og_title":"Mentions l\u00e9gales - Le capri","og_description":"INFORMATIONS L\u00c9GALES DU SITE LE CAPRI Dispositions juridictionnelles Le site le capri et son contenu sont r\u00e9gis par le Droit Fran\u00e7ais, et tout litige \u00e9ventuel s\u2019y rapportant sera soumis \u00e0 la comp\u00e9tence des tribunaux fran\u00e7ais. Edition, publication Editeur du site :Web made in breizh \u2013 12 ter rue Ch\u00e2teaubriand \u2013 35300 FOUG\u00c8REST\u00e9l. : 09 82 [&hellip;]","og_url":"https:\/\/www.le-capri.fr\/?page_id=191","og_site_name":"Le capri","article_modified_time":"2023-08-04T18:58:35+00:00","twitter_card":"summary_large_image","twitter_misc":{"Dur\u00e9e de lecture estim\u00e9e":"4 minutes"},"schema":{"@context":"https:\/\/schema.org","@graph":[{"@type":"WebPage","@id":"https:\/\/www.le-capri.fr\/?page_id=191","url":"https:\/\/www.le-capri.fr\/?page_id=191","name":"Mentions l\u00e9gales - Le capri","isPartOf":{"@id":"https:\/\/www.le-capri.fr\/#website"},"datePublished":"2018-12-10T16:56:20+00:00","dateModified":"2023-08-04T18:58:35+00:00","breadcrumb":{"@id":"https:\/\/www.le-capri.fr\/?page_id=191#breadcrumb"},"inLanguage":"fr-FR","potentialAction":[{"@type":"ReadAction","target":["https:\/\/www.le-capri.fr\/?page_id=191"]}]},{"@type":"BreadcrumbList","@id":"https:\/\/www.le-capri.fr\/?page_id=191#breadcrumb","itemListElement":[{"@type":"ListItem","position":1,"name":"Accueil","item":"https:\/\/www.le-capri.fr\/"},{"@type":"ListItem","position":2,"name":"Mentions l\u00e9gales"}]},{"@type":"WebSite","@id":"https:\/\/www.le-capri.fr\/#website","url":"https:\/\/www.le-capri.fr\/","name":"Le capri","description":"Restaurant pizzeria \u00e0 Foug\u00e8res","potentialAction":[{"@type":"SearchAction","target":{"@type":"EntryPoint","urlTemplate":"https:\/\/www.le-capri.fr\/?s={search_term_string}"},"query-input":{"@type":"PropertyValueSpecification","valueRequired":true,"valueName":"search_term_string"}}],"inLanguage":"fr-FR"}]}},"jetpack_sharing_enabled":true,"_links":{"self":[{"href":"https:\/\/www.le-capri.fr\/index.php?rest_route=\/wp\/v2\/pages\/191","targetHints":{"allow":["GET"]}}],"collection":[{"href":"https:\/\/www.le-capri.fr\/index.php?rest_route=\/wp\/v2\/pages"}],"about":[{"href":"https:\/\/www.le-capri.fr\/index.php?rest_route=\/wp\/v2\/types\/page"}],"author":[{"embeddable":true,"href":"https:\/\/www.le-capri.fr\/index.php?rest_route=\/wp\/v2\/users\/2"}],"replies":[{"embeddable":true,"href":"https:\/\/www.le-capri.fr\/index.php?rest_route=%2Fwp%2Fv2%2Fcomments&post=191"}],"version-history":[{"count":8,"href":"https:\/\/www.le-capri.fr\/index.php?rest_route=\/wp\/v2\/pages\/191\/revisions"}],"predecessor-version":[{"id":275,"href":"https:\/\/www.le-capri.fr\/index.php?rest_route=\/wp\/v2\/pages\/191\/revisions\/275"}],"wp:attachment":[{"href":"https:\/\/www.le-capri.fr\/index.php?rest_route=%2Fwp%2Fv2%2Fmedia&parent=191"}],"curies":[{"name":"wp","href":"https:\/\/api.w.org\/{rel}","templated":true}]}}